{"id":605,"date":"2023-10-03T01:43:16","date_gmt":"2023-10-02T23:43:16","guid":{"rendered":"https:\/\/homeservicecolombia.com.co\/?page_id=605"},"modified":"2023-10-03T01:43:16","modified_gmt":"2023-10-02T23:43:16","slug":"quienes-somos","status":"publish","type":"page","link":"https:\/\/homeservicecolombia.com.co\/?page_id=605","title":{"rendered":"\u00bfQuienes somos?"},"content":{"rendered":"\n<p><\/p>\n\n\n\n<div class=\"wp-block-uagb-info-box uagb-block-aa2a3e15 uagb-infobox__content-wrap  uagb-infobox-icon-above-title uagb-infobox-image-valign-top\"><div class=\"uagb-ifb-content\"><div class=\"uagb-ifb-image-content\"><img decoding=\"async\" src=\"https:\/\/homeservicecolombia.com.co\/wp-content\/uploads\/2023\/08\/Imagen3.png\" alt=\"\" width=\"\" height=\"0\" loading=\"lazy\"\/><\/div><div class=\"uagb-ifb-title-wrap\"><div class=\"uagb-ifb-separator\"><\/div><h3 class=\"uagb-ifb-title\">\u00bfQuienes somos?<\/h3><\/div><p class=\"uagb-ifb-desc\">Home Service De  Colombia nace con el objetivo de servir, de ayudar a las empresas y a las personas a solucionar sus problemas de reparaci\u00f3n y mantenimiento de electrodom\u00e9sticos.<br>Home Service Colombia es una viva imagen del progreso colombiano, nacimos, como toda empresa, con las ganas de servir a todas aquellas personas y empresas que necesitaban un servicio t\u00e9cnico especializado.Haz clic aqui para cambiar este texto. <br><em>Y henos aqui, sirviendo con amor, sabidur\u00eda y entusiasmo en siete diferentes ciudades de Colombia: Bogot\u00e1, Chia,Tunja<\/em>, Mosquera, Ibagu\u00e9, Villavicencio y yopal,sirviendo con amor.<br><em>Home Service  De Colombia, adem\u00e1s de estar al servicio de los colombianos, brindamos la mejor asesor\u00eda a personas y empresas que deseen obtener un servicio \u00f3ptimo en sus electrodomesticos<\/em>.<\/p><\/div><\/div>\n\n\n\n<figure class=\"wp-block-image size-full\"><img loading=\"lazy\" decoding=\"async\" width=\"145\" height=\"81\" src=\"https:\/\/homeservicecolombia.com.co\/wp-content\/uploads\/2023\/08\/Imagen2.png\" alt=\"\" class=\"wp-image-83\"\/><\/figure>\n\n\n\n<p><\/p>\n\n\n\n<div class=\"wp-block-uagb-advanced-heading uagb-block-848cbb06\"><h3 class=\"uagb-heading-text\">Visi\u00f3n<\/h3><\/div>\n\n\n\n<p class=\"has-ast-global-color-1-color has-text-color has-background has-medium-font-size\" style=\"background:linear-gradient(162deg,rgba(247,246,242,0.2) 11%,rgba(236,242,243,0.19) 50%,rgba(242,247,247,0.13) 100%)\">Home Service De Colombia SAS ser\u00e1 modelo de eficiencia en el sector del prestador de servicio en el area de electrodom\u00e9sticos, realizando planes de capacitacion tanto a centros de servicio como a la fuerza de ventas. Visitando continuamente a los distribuidores para determinar los puntos con falencia y siendo un medio de comunicaci\u00f3n entre los fabricantes y el cliente final. En la era de los hogares comandados por las facilidades tecnol\u00f3gicas, crearemos en nuestros clientes la cultura de servicio integral, brindando soporte en el manejo, mantenimiento y reparaciones de este entorno.<\/p>\n\n\n\n<div class=\"wp-block-uagb-container uagb-block-7a0e9114 alignfull uagb-is-root-container\"><div class=\"uagb-container-inner-blocks-wrap\">\n<div class=\"wp-block-group is-layout-constrained wp-block-group-is-layout-constrained\">\n<div class=\"wp-block-uagb-container uagb-block-e4b2999e\">\n<div class=\"wp-block-uagb-container uagb-block-6377593f\">\n<div class=\"wp-block-uagb-advanced-heading uagb-block-79894f12\"><h4 class=\"uagb-heading-text\">Misi\u00f3n<\/h4><\/div>\n<\/div>\n\n\n\n<div class=\"wp-block-uagb-container uagb-block-234b5f7b\">\n<p class=\"has-ast-global-color-1-color has-text-color has-background has-medium-font-size\" style=\"background:linear-gradient(135deg,rgba(173,247,241,0.18) 0%,rgba(245,242,250,0.29) 20%,rgba(237,213,234,0.24) 40%,rgba(215,244,230,0.09) 60%,rgba(217,245,250,0.11) 80%,rgba(237,237,192,0.05) 100%);line-height:1.6\">Posicionarse como la empresa de servicio integral, mas importante del sector,. brindando a sus clientes un servicio r\u00e1pido y efectivo, en alianza estrategica con fabricantes y distribuidores, adecu\u00e1ndose as\u00ed a los vertiginosos cambios del mercado actual, en el cual los valores agregados a los servicios son los que impulsan al cliente en la desici\u00f3n de compra.<\/p>\n<\/div>\n<\/div>\n<\/div>\n<\/div><\/div>\n","protected":false},"excerpt":{"rendered":"<p>Visi\u00f3n Home Service De Colombia SAS ser\u00e1 modelo de eficiencia en el sector del prestador de servicio en el area de electrodom\u00e9sticos, realizando planes de capacitacion tanto a centros de servicio como a la fuerza de ventas. Visitando continuamente a los distribuidores para determinar los puntos con falencia y siendo un medio de comunicaci\u00f3n entre &hellip;<\/p>\n<p class=\"read-more\"> <a class=\"\" href=\"https:\/\/homeservicecolombia.com.co\/?page_id=605\"> <span class=\"screen-reader-text\">\u00bfQuienes somos?<\/span> Leer m\u00e1s &raquo;<\/a><\/p>\n","protected":false},"author":1,"featured_media":0,"parent":0,"menu_order":0,"comment_status":"closed","ping_status":"closed","template":"","meta":{"_uag_custom_page_level_css":"","site-sidebar-layout":"default","site-content-layout":"","ast-site-content-layout":"default","site-content-style":"default","site-sidebar-style":"default","ast-global-header-display":"","ast-banner-title-visibility":"","ast-main-header-display":"","ast-hfb-above-header-display":"","ast-hfb-below-header-display":"","ast-hfb-mobile-header-display":"","site-post-title":"disabled","ast-breadcrumbs-content":"","ast-featured-img":"","footer-sml-layout":"","theme-transparent-header-meta":"","adv-header-id-meta":"","stick-header-meta":"","header-above-stick-meta":"","header-main-stick-meta":"","header-below-stick-meta":"","astra-migrate-meta-layouts":"set","footnotes":""},"class_list":["post-605","page","type-page","status-publish","hentry"],"yoast_head":"<!-- This site is optimized with the Yoast SEO plugin v24.8.1 - https:\/\/yoast.com\/wordpress\/plugins\/seo\/ -->\n<title>\u00bfQuienes somos? -<\/title>\n<meta name=\"robots\" content=\"index, follow, max-snippet:-1, max-image-preview:large, max-video-preview:-1\" \/>\n<link rel=\"canonical\" href=\"https:\/\/homeservicecolombia.com.co\/?page_id=605\" \/>\n<meta property=\"og:locale\" content=\"es_ES\" \/>\n<meta property=\"og:type\" content=\"article\" \/>\n<meta property=\"og:title\" content=\"\u00bfQuienes somos? -\" \/>\n<meta property=\"og:description\" content=\"Visi\u00f3n Home Service De Colombia SAS ser\u00e1 modelo de eficiencia en el sector del prestador de servicio en el area de electrodom\u00e9sticos, realizando planes de capacitacion tanto a centros de servicio como a la fuerza de ventas. Visitando continuamente a los distribuidores para determinar los puntos con falencia y siendo un medio de comunicaci\u00f3n entre &hellip; \u00bfQuienes somos? Leer m\u00e1s &raquo;\" \/>\n<meta property=\"og:url\" content=\"https:\/\/homeservicecolombia.com.co\/?page_id=605\" \/>\n<meta property=\"article:publisher\" content=\"https:\/\/www.facebook.com\/homeservicedecolombia\/?locale=es_LA\" \/>\n<meta property=\"og:image\" content=\"https:\/\/homeservicecolombia.com.co\/wp-content\/uploads\/2023\/08\/Imagen3.png\" \/>\n<meta name=\"twitter:card\" content=\"summary_large_image\" \/>\n<meta name=\"twitter:site\" content=\"@homeservicesamsung\" \/>\n<meta name=\"twitter:label1\" content=\"Tiempo de lectura\" \/>\n\t<meta name=\"twitter:data1\" content=\"2 minutos\" \/>\n<script type=\"application\/ld+json\" class=\"yoast-schema-graph\">{\"@context\":\"https:\/\/schema.org\",\"@graph\":[{\"@type\":\"WebPage\",\"@id\":\"https:\/\/homeservicecolombia.com.co\/?page_id=605\",\"url\":\"https:\/\/homeservicecolombia.com.co\/?page_id=605\",\"name\":\"\u00bfQuienes somos? -\",\"isPartOf\":{\"@id\":\"https:\/\/homeservicecolombia.com.co\/#website\"},\"primaryImageOfPage\":{\"@id\":\"https:\/\/homeservicecolombia.com.co\/?page_id=605#primaryimage\"},\"image\":{\"@id\":\"https:\/\/homeservicecolombia.com.co\/?page_id=605#primaryimage\"},\"thumbnailUrl\":\"https:\/\/homeservicecolombia.com.co\/wp-content\/uploads\/2023\/08\/Imagen3.png\",\"datePublished\":\"2023-10-02T23:43:16+00:00\",\"breadcrumb\":{\"@id\":\"https:\/\/homeservicecolombia.com.co\/?page_id=605#breadcrumb\"},\"inLanguage\":\"es\",\"potentialAction\":[{\"@type\":\"ReadAction\",\"target\":[\"https:\/\/homeservicecolombia.com.co\/?page_id=605\"]}]},{\"@type\":\"ImageObject\",\"inLanguage\":\"es\",\"@id\":\"https:\/\/homeservicecolombia.com.co\/?page_id=605#primaryimage\",\"url\":\"https:\/\/homeservicecolombia.com.co\/wp-content\/uploads\/2023\/08\/Imagen3.png\",\"contentUrl\":\"https:\/\/homeservicecolombia.com.co\/wp-content\/uploads\/2023\/08\/Imagen3.png\",\"width\":98,\"height\":55},{\"@type\":\"BreadcrumbList\",\"@id\":\"https:\/\/homeservicecolombia.com.co\/?page_id=605#breadcrumb\",\"itemListElement\":[{\"@type\":\"ListItem\",\"position\":1,\"name\":\"Portada\",\"item\":\"https:\/\/homeservicecolombia.com.co\/\"},{\"@type\":\"ListItem\",\"position\":2,\"name\":\"\u00bfQuienes somos?\"}]},{\"@type\":\"WebSite\",\"@id\":\"https:\/\/homeservicecolombia.com.co\/#website\",\"url\":\"https:\/\/homeservicecolombia.com.co\/\",\"name\":\"homeservicecolombia.com.co\",\"description\":\"\",\"publisher\":{\"@id\":\"https:\/\/homeservicecolombia.com.co\/#organization\"},\"potentialAction\":[{\"@type\":\"SearchAction\",\"target\":{\"@type\":\"EntryPoint\",\"urlTemplate\":\"https:\/\/homeservicecolombia.com.co\/?s={search_term_string}\"},\"query-input\":{\"@type\":\"PropertyValueSpecification\",\"valueRequired\":true,\"valueName\":\"search_term_string\"}}],\"inLanguage\":\"es\"},{\"@type\":\"Organization\",\"@id\":\"https:\/\/homeservicecolombia.com.co\/#organization\",\"name\":\"HOME SERVICE DE COLOMBIA SAS\",\"url\":\"https:\/\/homeservicecolombia.com.co\/\",\"logo\":{\"@type\":\"ImageObject\",\"inLanguage\":\"es\",\"@id\":\"https:\/\/homeservicecolombia.com.co\/#\/schema\/logo\/image\/\",\"url\":\"https:\/\/homeservicecolombia.com.co\/wp-content\/uploads\/2023\/08\/Imagen2.png\",\"contentUrl\":\"https:\/\/homeservicecolombia.com.co\/wp-content\/uploads\/2023\/08\/Imagen2.png\",\"width\":145,\"height\":81,\"caption\":\"HOME SERVICE DE COLOMBIA SAS\"},\"image\":{\"@id\":\"https:\/\/homeservicecolombia.com.co\/#\/schema\/logo\/image\/\"},\"sameAs\":[\"https:\/\/www.facebook.com\/homeservicedecolombia\/?locale=es_LA\",\"https:\/\/x.com\/homeservicesamsung\"]}]}<\/script>\n<!-- \/ Yoast SEO plugin. -->","yoast_head_json":{"title":"\u00bfQuienes somos? -","robots":{"index":"index","follow":"follow","max-snippet":"max-snippet:-1","max-image-preview":"max-image-preview:large","max-video-preview":"max-video-preview:-1"},"canonical":"https:\/\/homeservicecolombia.com.co\/?page_id=605","og_locale":"es_ES","og_type":"article","og_title":"\u00bfQuienes somos? -","og_description":"Visi\u00f3n Home Service De Colombia SAS ser\u00e1 modelo de eficiencia en el sector del prestador de servicio en el area de electrodom\u00e9sticos, realizando planes de capacitacion tanto a centros de servicio como a la fuerza de ventas. Visitando continuamente a los distribuidores para determinar los puntos con falencia y siendo un medio de comunicaci\u00f3n entre &hellip; \u00bfQuienes somos? Leer m\u00e1s &raquo;","og_url":"https:\/\/homeservicecolombia.com.co\/?page_id=605","article_publisher":"https:\/\/www.facebook.com\/homeservicedecolombia\/?locale=es_LA","og_image":[{"url":"https:\/\/homeservicecolombia.com.co\/wp-content\/uploads\/2023\/08\/Imagen3.png","type":"","width":"","height":""}],"twitter_card":"summary_large_image","twitter_site":"@homeservicesamsung","twitter_misc":{"Tiempo de lectura":"2 minutos"},"schema":{"@context":"https:\/\/schema.org","@graph":[{"@type":"WebPage","@id":"https:\/\/homeservicecolombia.com.co\/?page_id=605","url":"https:\/\/homeservicecolombia.com.co\/?page_id=605","name":"\u00bfQuienes somos? -","isPartOf":{"@id":"https:\/\/homeservicecolombia.com.co\/#website"},"primaryImageOfPage":{"@id":"https:\/\/homeservicecolombia.com.co\/?page_id=605#primaryimage"},"image":{"@id":"https:\/\/homeservicecolombia.com.co\/?page_id=605#primaryimage"},"thumbnailUrl":"https:\/\/homeservicecolombia.com.co\/wp-content\/uploads\/2023\/08\/Imagen3.png","datePublished":"2023-10-02T23:43:16+00:00","breadcrumb":{"@id":"https:\/\/homeservicecolombia.com.co\/?page_id=605#breadcrumb"},"inLanguage":"es","potentialAction":[{"@type":"ReadAction","target":["https:\/\/homeservicecolombia.com.co\/?page_id=605"]}]},{"@type":"ImageObject","inLanguage":"es","@id":"https:\/\/homeservicecolombia.com.co\/?page_id=605#primaryimage","url":"https:\/\/homeservicecolombia.com.co\/wp-content\/uploads\/2023\/08\/Imagen3.png","contentUrl":"https:\/\/homeservicecolombia.com.co\/wp-content\/uploads\/2023\/08\/Imagen3.png","width":98,"height":55},{"@type":"BreadcrumbList","@id":"https:\/\/homeservicecolombia.com.co\/?page_id=605#breadcrumb","itemListElement":[{"@type":"ListItem","position":1,"name":"Portada","item":"https:\/\/homeservicecolombia.com.co\/"},{"@type":"ListItem","position":2,"name":"\u00bfQuienes somos?"}]},{"@type":"WebSite","@id":"https:\/\/homeservicecolombia.com.co\/#website","url":"https:\/\/homeservicecolombia.com.co\/","name":"homeservicecolombia.com.co","description":"","publisher":{"@id":"https:\/\/homeservicecolombia.com.co\/#organization"},"potentialAction":[{"@type":"SearchAction","target":{"@type":"EntryPoint","urlTemplate":"https:\/\/homeservicecolombia.com.co\/?s={search_term_string}"},"query-input":{"@type":"PropertyValueSpecification","valueRequired":true,"valueName":"search_term_string"}}],"inLanguage":"es"},{"@type":"Organization","@id":"https:\/\/homeservicecolombia.com.co\/#organization","name":"HOME SERVICE DE COLOMBIA SAS","url":"https:\/\/homeservicecolombia.com.co\/","logo":{"@type":"ImageObject","inLanguage":"es","@id":"https:\/\/homeservicecolombia.com.co\/#\/schema\/logo\/image\/","url":"https:\/\/homeservicecolombia.com.co\/wp-content\/uploads\/2023\/08\/Imagen2.png","contentUrl":"https:\/\/homeservicecolombia.com.co\/wp-content\/uploads\/2023\/08\/Imagen2.png","width":145,"height":81,"caption":"HOME SERVICE DE COLOMBIA SAS"},"image":{"@id":"https:\/\/homeservicecolombia.com.co\/#\/schema\/logo\/image\/"},"sameAs":["https:\/\/www.facebook.com\/homeservicedecolombia\/?locale=es_LA","https:\/\/x.com\/homeservicesamsung"]}]}},"uagb_featured_image_src":{"full":false,"thumbnail":false,"medium":false,"medium_large":false,"large":false,"1536x1536":false,"2048x2048":false},"uagb_author_info":{"display_name":"admin","author_link":"https:\/\/homeservicecolombia.com.co\/?author=1"},"uagb_comment_info":0,"uagb_excerpt":"Visi\u00f3n Home Service De Colombia SAS ser\u00e1 modelo de eficiencia en el sector del prestador de servicio en el area de electrodom\u00e9sticos, realizando planes de capacitacion tanto a centros de servicio como a la fuerza de ventas. Visitando continuamente a los distribuidores para determinar los puntos con falencia y siendo un medio de comunicaci\u00f3n entre&hellip;","_links":{"self":[{"href":"https:\/\/homeservicecolombia.com.co\/index.php?rest_route=\/wp\/v2\/pages\/605"}],"collection":[{"href":"https:\/\/homeservicecolombia.com.co\/index.php?rest_route=\/wp\/v2\/pages"}],"about":[{"href":"https:\/\/homeservicecolombia.com.co\/index.php?rest_route=\/wp\/v2\/types\/page"}],"author":[{"embeddable":true,"href":"https:\/\/homeservicecolombia.com.co\/index.php?rest_route=\/wp\/v2\/users\/1"}],"replies":[{"embeddable":true,"href":"https:\/\/homeservicecolombia.com.co\/index.php?rest_route=%2Fwp%2Fv2%2Fcomments&post=605"}],"version-history":[{"count":3,"href":"https:\/\/homeservicecolombia.com.co\/index.php?rest_route=\/wp\/v2\/pages\/605\/revisions"}],"predecessor-version":[{"id":863,"href":"https:\/\/homeservicecolombia.com.co\/index.php?rest_route=\/wp\/v2\/pages\/605\/revisions\/863"}],"wp:attachment":[{"href":"https:\/\/homeservicecolombia.com.co\/index.php?rest_route=%2Fwp%2Fv2%2Fmedia&parent=605"}],"curies":[{"name":"wp","href":"https:\/\/api.w.org\/{rel}","templated":true}]}}